{"id":12902,"date":"2022-03-21T16:41:18","date_gmt":"2022-03-21T20:41:18","guid":{"rendered":"https:\/\/printcenter.org\/100\/?page_id=12902"},"modified":"2023-01-24T17:12:55","modified_gmt":"2023-01-24T22:12:55","slug":"97th-annual","status":"publish","type":"page","link":"https:\/\/printcenter.org\/100\/97th-annual\/","title":{"rendered":"97th ANNUAL International Competition"},"content":{"rendered":"<div id=\"pl-12902\"  class=\"panel-layout\" ><div id=\"pg-12902-0\"  class=\"panel-grid panel-no-style\" ><div id=\"pgc-12902-0-0\"  class=\"panel-grid-cell\" ><div id=\"panel-12902-0-0-0\" class=\"so-panel widget widget_black-studio-tinymce widget_black_studio_tinymce panel-first-child panel-last-child\" data-index=\"0\" ><div class=\"textwidget\"><p><img loading=\"lazy\" decoding=\"async\" class=\"alignright wp-image-12883\" style=\"color: #000000;\" src=\"http:\/\/printcenter.org\/100\/wp-content\/uploads\/2022\/03\/97thCallforEntries_IG.png\" alt=\"\" width=\"281\" height=\"281\" srcset=\"https:\/\/printcenter.org\/100\/wp-content\/uploads\/2022\/03\/97thCallforEntries_IG.png 1080w, https:\/\/printcenter.org\/100\/wp-content\/uploads\/2022\/03\/97thCallforEntries_IG-300x300.png 300w, https:\/\/printcenter.org\/100\/wp-content\/uploads\/2022\/03\/97thCallforEntries_IG-1024x1024.png 1024w, https:\/\/printcenter.org\/100\/wp-content\/uploads\/2022\/03\/97thCallforEntries_IG-150x150.png 150w, https:\/\/printcenter.org\/100\/wp-content\/uploads\/2022\/03\/97thCallforEntries_IG-768x768.png 768w\" sizes=\"auto, (max-width: 281px) 100vw, 281px\" \/><\/p>\n<p><span style=\"color: #000000;\">The <strong>ANNUAL<\/strong> is one of the oldest and most prestigious competitions in the United States. Open to local, national and international artists, The Print Center is particularly interested in highlighting the use of photography and\/or printmaking in new and intriguing ways, both in content and process.<\/span><\/p>\n<p><strong style=\"color: #000000;\"><span style=\"font-size: 14pt;\"><span style=\"color: #ee2330;\">Jurors<\/span>\u00a0<\/span><\/strong><\/p>\n<p><strong>Dr. Makeda Best<\/strong> is the Richard L. Menschel Curator of Photography and Interim Head, Division of Modern and Contemporary Art at the Harvard Art Museums.<\/p>\n<p><strong>Curlee Raven Holton<\/strong> is the Executive Director of the David C. Driskell Center at the University of Maryland and The David M. and Linda Roth Professor of Art, emeritus, at Lafayette College, Easton, PA where he founded the Experimental Printmaking Institute.<\/p>\n<\/div><\/div><\/div><\/div><div id=\"pg-12902-1\"  class=\"panel-grid panel-no-style\" ><div id=\"pgc-12902-1-0\"  class=\"panel-grid-cell\" ><div id=\"panel-12902-1-0-0\" class=\"so-panel widget widget_black-studio-tinymce widget_black_studio_tinymce panel-first-child panel-last-child\" data-index=\"1\" ><div class=\"textwidget\"><h2><span style=\"color: #ee2330;\">Congratulations to the 25 Semifinalists and 10 Finalists!<\/span><\/h2>\n<div class=\"row\"> <div class=\"col-md-4  \">\n<p><span style=\"color: #000000;\"><strong>Finalists<\/strong><\/span><\/p>\n<p><span style=\"color: #000000;\">Midori Harima<\/span><br \/>\n<span style=\"color: #000000;\">Jayne Reid Jackson<\/span><br \/>\n<span style=\"color: #000000;\">Sarah Kabot<\/span><br \/>\n<span style=\"color: #000000;\">Brian Kreydatus<\/span><br \/>\n<span style=\"color: #000000;\">Cheryl Mukherji<\/span><br \/>\n<span style=\"color: #000000;\">Nicholas <\/span><span style=\"color: #000000;\">Roberts<\/span><br \/>\n<span style=\"color: #000000;\">Mar\u00eda Ver\u00f3nica San Mart\u00edn<\/span><br \/>\n<span style=\"color: #000000;\">Stephanie Santana<\/span><br \/>\n<span style=\"color: #000000;\">Lihie Talmor<\/span><br \/>\n<span style=\"color: #000000;\">Idalia Vasquez<\/span><\/p>\n<p><span style=\"color: #000000;\"><\/div><div class=\"col-md-4  \"><\/span><span style=\"color: #000000;\"><strong>Semifinalists<\/strong><\/span><\/p>\n<p><span style=\"color: #000000;\">Ruthie Abel<\/span><br \/>\n<span style=\"color: #000000;\">Noah Addis<\/span><br \/>\n<span style=\"color: #000000;\">Craig J. Barber<\/span><br \/>\n<span style=\"color: #000000;\">Codi Barbini<\/span><br \/>\n<span style=\"color: #000000;\">Jillian Browning<\/span><br \/>\n<span style=\"color: #000000;\">Jessica Buie<\/span><br \/>\n<span style=\"color: #000000;\">Madison Cooper<\/span><br \/>\n<span style=\"color: #000000;\">Philip Crawford<\/span><br \/>\n<span style=\"color: #000000;\">Mehdi Darvishi<\/span><br \/>\n<span style=\"color: #000000;\">August Felix Heid<\/span><br \/>\n<span style=\"color: #000000;\">Cooper Holoweski<\/span><br \/>\n<span style=\"color: #000000;\">Matthew Kamholtz<\/span><br \/>\n<span style=\"color: #000000;\">Colleen Keihm<\/span><\/p>\n<p><span style=\"color: #000000;\"><\/div><div class=\"col-md-4  \"><\/span><\/p>\n<p><span style=\"color: #000000;\">Sharon Koelblinger<\/span><br \/>\n<span style=\"color: #000000;\">Ray Koh<\/span><br \/>\n<span style=\"color: #000000;\">Hyejeong Kwon<\/span><br \/>\n<span style=\"color: #000000;\">Emily Legleitner<\/span><br \/>\n<span style=\"color: #000000;\">Toni Pepe<\/span><br \/>\n<span style=\"color: #000000;\">Andrew Polk<\/span><br \/>\n<span style=\"color: #000000;\">Endi Poskovic<\/span><br \/>\n<span style=\"color: #000000;\">Heather Rasmussen<\/span><br \/>\n<span style=\"color: #000000;\">Jason Reblando<\/span><br \/>\n<span style=\"color: #000000;\">Eduardo L. Rivera<\/span><br \/>\n<span style=\"color: #000000;\">Terry Schupbach-Gordon<\/span><br \/>\n<span style=\"color: #000000;\">Vaune Trachtman<\/span><\/p>\n<\/div><\/div>\n<\/div><\/div><\/div><div id=\"pgc-12902-1-1\"  class=\"panel-grid-cell\" ><div id=\"panel-12902-1-1-0\" class=\"so-panel widget widget_black-studio-tinymce widget_black_studio_tinymce panel-first-child panel-last-child\" data-index=\"2\" ><div class=\"textwidget\"><p style=\"text-align: center;\"><span style=\"color: #ee2330; font-size: 14pt;\"><strong><a style=\"color: #ee2330;\" href=\"http:\/\/printcenter.org\/100\/three-annual-questions\/\" target=\"_blank\" rel=\"noopener\"><span class=\"s1\">Watch previous award winners discuss<br \/>\ntheir experiences with the ANNUAL:<\/span><\/a><\/strong><\/span><a href=\"http:\/\/printcenter.org\/100\/three-annual-questions\/\"><img loading=\"lazy\" decoding=\"async\" class=\"wp-image-13290 aligncenter\" src=\"http:\/\/printcenter.org\/100\/wp-content\/uploads\/2022\/05\/combo-scaled.jpg\" alt=\"\" width=\"496\" height=\"295\" srcset=\"https:\/\/printcenter.org\/100\/wp-content\/uploads\/2022\/05\/combo-scaled.jpg 2560w, https:\/\/printcenter.org\/100\/wp-content\/uploads\/2022\/05\/combo-300x179.jpg 300w, https:\/\/printcenter.org\/100\/wp-content\/uploads\/2022\/05\/combo-1024x610.jpg 1024w, https:\/\/printcenter.org\/100\/wp-content\/uploads\/2022\/05\/combo-768x457.jpg 768w, https:\/\/printcenter.org\/100\/wp-content\/uploads\/2022\/05\/combo-1536x914.jpg 1536w, https:\/\/printcenter.org\/100\/wp-content\/uploads\/2022\/05\/combo-2048x1219.jpg 2048w\" sizes=\"auto, (max-width: 496px) 100vw, 496px\" \/><\/a><\/p>\n<\/div><\/div><\/div><\/div><div id=\"pg-12902-2\"  class=\"panel-grid panel-no-style\" ><div id=\"pgc-12902-2-0\"  class=\"panel-grid-cell panel-grid-cell-mobile-last\" ><div id=\"panel-12902-2-0-0\" class=\"so-panel widget widget_black-studio-tinymce widget_black_studio_tinymce panel-first-child panel-last-child\" data-index=\"3\" ><div class=\"textwidget\"><h1><span style=\"color: #ee2330;\">ABOUT THE JURORS<\/span><\/h1>\n<\/div><\/div><\/div><div id=\"pgc-12902-2-1\"  class=\"panel-grid-cell panel-grid-cell-empty\" ><\/div><\/div><div id=\"pg-12902-3\"  class=\"panel-grid panel-no-style\" ><div id=\"pgc-12902-3-0\"  class=\"panel-grid-cell\" ><div id=\"panel-12902-3-0-0\" class=\"so-panel widget widget_black-studio-tinymce widget_black_studio_tinymce panel-first-child panel-last-child\" data-index=\"4\" ><div class=\"textwidget\"><p><span style=\"color: #000000;\"><strong>Dr. Makeda Best<\/strong> is the Richard L. Menschel Curator of Photography at the Harvard Art Museums, Cambridge, MA. Her scholarly interests focus on 19th and 20th century American photography, with a special interest in photojournalism, documentary, war photography and text and image works. Recent exhibitions include <em>Crossing Lines, Constructing Home: Displacement and Belonging in Contemporary Art<\/em> and <em>Winslow Homer: Eyewitness<\/em> and <em>Time is Now: Photography and Social Change in James Baldwin\u2019s America<\/em>. Her book <em>Elevate the Masses: Alexander Gardner, Photography and Democracy<\/em> was published in 2020 by the Pennsylvania State University Press. The subject of her current book project is American landscape photography. Best holds a BA from Barnard College, New York, a BFA and an MA from California Institute of the Arts, Santa Clarita, and an MA and PhD from Harvard University.<\/span><\/p>\n<\/div><\/div><\/div><div id=\"pgc-12902-3-1\"  class=\"panel-grid-cell\" ><div id=\"panel-12902-3-1-0\" class=\"so-panel widget widget_black-studio-tinymce widget_black_studio_tinymce panel-first-child panel-last-child\" data-index=\"5\" ><div class=\"textwidget\"><div style=\"padding: 56.25% 0 0 0; position: relative;\"><iframe style=\"position: absolute; top: 0; left: 0; width: 100%; height: 100%;\" src=\"https:\/\/player.vimeo.com\/video\/712965213?h=2fbcef761f&amp;title=0&amp;byline=0&amp;portrait=0\" frameborder=\"0\" allowfullscreen=\"allowfullscreen\"><\/iframe><\/div>\n<p style=\"text-align: center;\"><script src=\"https:\/\/player.vimeo.com\/api\/player.js\"><\/script><\/p>\n<\/div><\/div><\/div><\/div><div id=\"pg-12902-4\"  class=\"panel-grid panel-no-style\" ><div id=\"pgc-12902-4-0\"  class=\"panel-grid-cell\" ><div id=\"panel-12902-4-0-0\" class=\"so-panel widget widget_black-studio-tinymce widget_black_studio_tinymce panel-first-child panel-last-child\" data-index=\"6\" ><div class=\"textwidget\"><p><span style=\"color: #000000;\"><strong><span style=\"color: #000000;\">Curlee Raven Holton <\/span><\/strong>has been the Executive Director of the David C. Driskell Center at the University of Maryland, College Park since 2012. He was the founding director of the Experimental Printmaking Institute at Lafayette College, Easton, PA, and is the founder and current director of Raven Fine Art Editions, Easton. Holton is also The David M. and Linda Roth Professor of Art, emeritus, at Lafayette College. As a printmaker and painter, his work has been exhibited professionally for over 25 years in more than 31 solo shows and over 80 group shows. His exhibitions include prestigious national and international venues such as Egypt\u2019s 7th International Biennale, the Cleveland Museum of Art, OH and the Whitney Museum of American Art, New York. His work is held in many private and public collections including the Cleveland Museum of Art, OH; Yale University Art Gallery, New Haven, CT; Pennsylvania Academy of the Fine Arts, Philadelphia, PA; and The Library of Congress and National Gallery of Art, both Washington, D.C. As part of his research and study as an artist-scholar, he has lectured and presented demonstrations throughout the United States and abroad in Costa Rica, Europe, Mexico and the West Indies. He has presented over 70 public lectures on his work, African American art and contemporary printmaking. He has been published in numerous catalogs and journals. Holton earned a BFA from the Cleveland Institute of Fine Arts, OH and an MFA from Kent State University, OH. He began teaching Printmaking and African American Art History in 1991 at Lafayette College.<\/span><\/p>\n<\/div><\/div><\/div><div id=\"pgc-12902-4-1\"  class=\"panel-grid-cell\" ><div id=\"panel-12902-4-1-0\" class=\"so-panel widget widget_black-studio-tinymce widget_black_studio_tinymce panel-first-child panel-last-child\" data-index=\"7\" ><div class=\"textwidget\"><div style=\"padding: 56.25% 0 0 0; position: relative;\"><iframe style=\"position: absolute; top: 0; left: 0; width: 100%; height: 100%;\" src=\"https:\/\/player.vimeo.com\/video\/717918078?h=8fee89d8c6&amp;title=0&amp;byline=0&amp;portrait=0\" frameborder=\"0\" allowfullscreen=\"allowfullscreen\"><\/iframe><\/div>\n<p><script src=\"https:\/\/player.vimeo.com\/api\/player.js\"><\/script><br \/>\n&nbsp;<\/p>\n<h2 style=\"text-align: center;\"><span style=\"color: #ee2330;\"><strong>We asked our jurors four questions. <\/strong><\/span><strong style=\"color: #ee2330; font-family: inherit;\"><a style=\"color: #ee2330;\" href=\"https:\/\/vimeo.com\/712965213\" target=\"_blank\" rel=\"noopener\">Watch their interviews above<\/a>, or, <a style=\"color: #ee2330;\" href=\"http:\/\/printcenter.org\/100\/97th-juror-interviews\/\">read the interviews <span style=\"text-decoration: underline;\">here<\/span><\/a>!<\/strong><\/h2>\n<\/div><\/div><\/div><\/div><div id=\"pg-12902-5\"  class=\"panel-grid panel-no-style\" ><div id=\"pgc-12902-5-0\"  class=\"panel-grid-cell\" ><div id=\"panel-12902-5-0-0\" class=\"so-panel widget widget_black-studio-tinymce widget_black_studio_tinymce panel-first-child\" data-index=\"8\" ><div class=\"textwidget\"><\/div><\/div><div id=\"panel-12902-5-0-1\" class=\"so-panel widget widget_black-studio-tinymce widget_black_studio_tinymce\" data-index=\"9\" ><div class=\"textwidget\"><h1><span style=\"color: #ee2330;\">AWARDS AND EXHIBITIONS<\/span><\/h1>\n<div class=\"row\"><div class=\"col-md-5  \">\n<p><span style=\"color: #000000;\">\u2022 25 Semifinalists and 10 Finalists will be selected by the jurors.<\/span><br \/>\n<span style=\"color: #000000;\">\u2022 All Semifinalists and Finalists are eligible for institutional acquisition, purchase, cash and material awards.<\/span><br \/>\n<span style=\"color: #000000;\">\u2022 All Finalists are eligible for Solo Exhibition Awards<\/span><br \/>\n<span style=\"color: #000000;\">\u2022 All Semifinalists and Finalists receive online portfolios and are included in a digital presentation in The Print Center\u2019s galleries during the Solo Exhibitions.<\/span><\/p>\n<h2 class=\"Noparagraphstyle\"><span style=\"color: #000000;\">Museum Acquisition Awards<\/span><\/h2>\n<p><span style=\"color: #000000;\"><strong>\u2022 Stinnett Philadelphia Museum of Art Collection Award<\/strong> <\/span><br \/>\n<span style=\"color: #000000;\">Selected by a curator from the Department of Prints, Drawings and Photographs at the Philadelphia Museum of Art, work will be accessioned into the Philadelphia Museum of Art's Permanent Collection.<\/span><br \/>\n<span style=\"color: #000000;\"><strong>\u2022 Pennsylvania Academy of the Fine Arts Purchase Award<\/strong><\/span><br \/>\n<span style=\"color: #000000;\">Selected by the curatorial staff, selected work will be accessioned into the Museum\u2019s permanent collection.<\/span><br \/>\n<span style=\"color: #000000;\"><strong>\u2022 Art Museum of West Virginia University Purchase Award<\/strong><\/span><br \/>\n<span style=\"color: #000000;\">Selected by Robert Bridges, curator, work will be accessioned into the Art Museum\u2019s collection through the Beth and Joe Hestick Acquisitions Fund.<\/span><\/p>\n<h2><span style=\"color: #000000;\">Online Portfolios<\/span><\/h2>\n<p><span style=\"color: #000000;\">The Print Center will mount an online portfolio exhibition for Semifinalists and Finalists, including up to five images, biographical information and artist statements. Finalists can present an additional 5 images for inclusion (up to 10).<\/span><br \/>\n<\/div><div class=\"col-md-2  \"><\/div><div class=\"col-md-5  \">\n<h2><span style=\"color: #000000;\">Solo Exhibitions<\/span><\/h2>\n<p><span style=\"color: #000000;\">Three Finalists will be selected by The Print Center to receive Solo Exhibitions at The Print Center (January \u2013 March 2023) as well as an honorarium. Selected artists will work with our Jensen Bryan Curator on the selection of works and installation design.<br \/>\n<\/span><br \/>\n<span style=\"color: #000000;\">Artists are responsible for delivery\/shipping to and from The Print Center, and other costs not explicitly covered by The Print Center, including framing (if required).<br \/>\n<\/span><br \/>\n<strong><span style=\"color: #000000;\">The Print Center provides:<\/span><\/strong><br \/>\n<span style=\"color: #000000;\">\u2022 The venue, professional installation and deinstallation, gallery signage and labels, and insurance while work is on The Print Center\u2019s premises.<\/span><br \/>\n<span style=\"color: #000000;\">\u2022 Publicity including visual branding for the exhibitions, promotion via press release to over 2,500 press outlets, exhibition announcement cards mailed to 2,500 individuals, website presence, weekly email newsletters to 10,000 and social media posts on Facebook, Instagram and Twitter.<\/span><br \/>\n<span style=\"color: #000000;\">\u2022 Documentation, including professional photographic documentation and a Gallery Notes - a full color, professionally printed exhibition brochure distributed<\/span><\/p>\n<p><strong><span style=\"color: #000000;\">Liability<br \/>\n<\/span><\/strong>The Print Center is not responsible for damage to work during shipping or delivery. Works are insured while on The Print Center\u2019s premises.<br \/>\n<\/div><\/div>\n<h2><span style=\"color: #000000;\">Sales<\/span><\/h2>\n<p><span style=\"color: #000000;\">If artworks are available for sale, The Print Center will facilitate the transaction, including shipping. The Print Center will receive a 50% commission on works sold. The Print Center will pay the artist\u2019s commission 90 days from the close of sale.<\/span><\/p>\n<\/div><\/div><div id=\"panel-12902-5-0-2\" class=\"so-panel widget widget_black-studio-tinymce widget_black_studio_tinymce\" data-index=\"10\" ><div class=\"textwidget\"><h1><span style=\"color: #ee2330;\">CALENDAR<\/span><\/h1>\n<p><span style=\"color: #000000;\">Submission Deadline: <strong>June 15, 2022, 11:59 PM (ET)<\/strong><\/span><br \/>\n<span style=\"color: #000000;\">Notification of Semifinalists and Finalists by email: <strong>September 15, 2022<\/strong><\/span><br \/>\n<span style=\"color: #000000;\">Solo Exhibitions and Digital Exhibition: <strong>January \u2013 March 2023<\/strong> (specific dates TBD)<\/span><br \/>\n<span style=\"color: #000000;\">Online Portfolio: <strong>Launches February 2023<\/strong><\/span><\/p>\n<\/div><\/div><div id=\"panel-12902-5-0-3\" class=\"so-panel widget widget_black-studio-tinymce widget_black_studio_tinymce panel-last-child\" data-index=\"11\" ><div class=\"textwidget\"><h1><span style=\"color: #ee2330;\">ABOUT THE PRINT CENTER<\/span><\/h1>\n<p><span style=\"color: #000000;\">For more than a hundred years, The Print Center has encouraged the growth and understanding of photography and printmaking as vital contemporary arts through exhibitions, publications and educational programs. An international voice in print, The Print Center presents a wide variety of programs including temporary exhibitions and related public lectures and events; the <strong>Artists-in-Schools Program<\/strong>; the <strong>ANNUAL<\/strong>, which is the longest running competition for photographs and prints in the country; and the <strong>Gallery Store<\/strong>, which offers a diverse selection of contemporary prints and photographs for sale, providing direct support to artists. We invite you to become a <strong>Member<\/strong>, or find out more about how you can support <strong>The Print Center<\/strong>.<\/span><\/p>\n<p>&nbsp;<\/p>\n<h2><span style=\"color: #000000;\">Contact<\/span><\/h2>\n<p><span style=\"color: #000000;\">Please direct questions to <span style=\"color: #ee2330;\"><strong><a style=\"color: #ee2330;\" href=\"mailto:info@printcenter.org\">info@printcent<span style=\"color: #ee2330;\">er.<\/span>org<\/a><\/strong><\/span>.<\/span><\/p>\n<p><span style=\"color: #000000;\">For technical support, contact Slideroom at <span style=\"color: #ee2330;\"><a style=\"color: #ee2330;\" href=\"mailto:support@slideroom.com\"><strong>support@slideroom.com<\/strong><\/a><\/span>.<\/span><\/p>\n<\/div><\/div><\/div><\/div><div id=\"pg-12902-6\"  class=\"panel-grid panel-no-style\" ><div id=\"pgc-12902-6-0\"  class=\"panel-grid-cell\" ><div id=\"panel-12902-6-0-0\" class=\"so-panel widget widget_black-studio-tinymce widget_black_studio_tinymce panel-first-child panel-last-child\" data-index=\"12\" ><div class=\"textwidget\"><div class=\"hrule clearfix\" style=\"\"><\/div>\n<p><span style=\"color: #ed008c;\"><a style=\"color: #ed008c;\" href=\"http:\/\/printcenter.org\/100\/competition\" target=\"_blank\" rel=\"noopener\"><span style=\"color: #ee2330;\">Click here<\/span><\/a><\/span> for more information about The Print Center's ANNUAL International Competition and its history.<\/p>\n<\/div><\/div><\/div><\/div><\/div>","protected":false},"excerpt":{"rendered":"<p>The ANNUAL is one of the oldest and most prestigious competitions in the United States. Open to local, national and international artists, The Print Center is particularly interested in highlighting the use of photography and\/or printmaking in new and intriguing &hellip; <a class=\"kt-excerpt-readmore\" href=\"https:\/\/printcenter.org\/100\/97th-annual\/\" aria-label=\"97th ANNUAL International Competition\">Read More<\/a><\/p>\n","protected":false},"author":1,"featured_media":0,"parent":0,"menu_order":0,"comment_status":"closed","ping_status":"closed","template":"page-fullwidth.php","meta":{"_acf_changed":false,"_exactmetrics_skip_tracking":false,"_exactmetrics_sitenote_active":false,"_exactmetrics_sitenote_note":"","_exactmetrics_sitenote_category":0,"footnotes":""},"class_list":["post-12902","page","type-page","status-publish","hentry"],"acf":[],"_links":{"self":[{"href":"https:\/\/printcenter.org\/100\/wp-json\/wp\/v2\/pages\/12902","targetHints":{"allow":["GET"]}}],"collection":[{"href":"https:\/\/printcenter.org\/100\/wp-json\/wp\/v2\/pages"}],"about":[{"href":"https:\/\/printcenter.org\/100\/wp-json\/wp\/v2\/types\/page"}],"author":[{"embeddable":true,"href":"https:\/\/printcenter.org\/100\/wp-json\/wp\/v2\/users\/1"}],"replies":[{"embeddable":true,"href":"https:\/\/printcenter.org\/100\/wp-json\/wp\/v2\/comments?post=12902"}],"version-history":[{"count":20,"href":"https:\/\/printcenter.org\/100\/wp-json\/wp\/v2\/pages\/12902\/revisions"}],"predecessor-version":[{"id":14599,"href":"https:\/\/printcenter.org\/100\/wp-json\/wp\/v2\/pages\/12902\/revisions\/14599"}],"wp:attachment":[{"href":"https:\/\/printcenter.org\/100\/wp-json\/wp\/v2\/media?parent=12902"}],"curies":[{"name":"wp","href":"https:\/\/api.w.org\/{rel}","templated":true}]}}